{"id":878,"date":"2026-02-01T01:36:47","date_gmt":"2026-02-01T00:36:47","guid":{"rendered":"https:\/\/new.zelena-planeta.cz\/?page_id=878"},"modified":"2026-03-20T16:24:38","modified_gmt":"2026-03-20T15:24:38","slug":"reference","status":"publish","type":"page","link":"https:\/\/new.zelena-planeta.cz\/en\/reference\/","title":{"rendered":"Reference"},"content":{"rendered":"<div class=\"wp-block-stackable-heading stk-block-heading stk-block-heading--v2 stk-block stk-ef97860\" id=\"webove-stranky-na-miru\" data-block-id=\"ef97860\"><h2 class=\"stk-block-heading__text\">Webov\u00e9 str\u00e1nky na m\u00edru<\/h2><\/div>\n\n\n\n\n\n<div class=\"wp-block-stackable-heading stk-block-heading stk-block-heading--v2 stk-block stk-73e3f26\" id=\"webove-aplikace-na-miru\" data-block-id=\"73e3f26\"><h2 class=\"stk-block-heading__text\">Webov\u00e9 aplikace na m\u00edru<\/h2><\/div>","protected":false},"excerpt":{"rendered":"<p>Webov\u00e9 str\u00e1nky na m\u00edru Webov\u00e9 aplikace na m\u00edru<\/p>","protected":false},"author":1,"featured_media":0,"parent":0,"menu_order":0,"comment_status":"closed","ping_status":"closed","template":"","meta":{"footnotes":""},"class_list":["post-878","page","type-page","status-publish","hentry"],"blocksy_meta":[],"_links":{"self":[{"href":"https:\/\/new.zelena-planeta.cz\/en\/wp-json\/wp\/v2\/pages\/878","targetHints":{"allow":["GET"]}}],"collection":[{"href":"https:\/\/new.zelena-planeta.cz\/en\/wp-json\/wp\/v2\/pages"}],"about":[{"href":"https:\/\/new.zelena-planeta.cz\/en\/wp-json\/wp\/v2\/types\/page"}],"author":[{"embeddable":true,"href":"https:\/\/new.zelena-planeta.cz\/en\/wp-json\/wp\/v2\/users\/1"}],"replies":[{"embeddable":true,"href":"https:\/\/new.zelena-planeta.cz\/en\/wp-json\/wp\/v2\/comments?post=878"}],"version-history":[{"count":15,"href":"https:\/\/new.zelena-planeta.cz\/en\/wp-json\/wp\/v2\/pages\/878\/revisions"}],"predecessor-version":[{"id":949,"href":"https:\/\/new.zelena-planeta.cz\/en\/wp-json\/wp\/v2\/pages\/878\/revisions\/949"}],"wp:attachment":[{"href":"https:\/\/new.zelena-planeta.cz\/en\/wp-json\/wp\/v2\/media?parent=878"}],"curies":[{"name":"wp","href":"https:\/\/api.w.org\/{rel}","templated":true}]}}